{"id":3,"date":"2025-01-16T14:38:07","date_gmt":"2025-01-16T14:38:07","guid":{"rendered":"http:\/\/box4107\/cgi\/addon_GT.cgi?s=GT::WP::Install::Cpanel+%28izuhuhmy%29+-+127.0.0.1+%5Bnocaller%5D\/?page_id=3"},"modified":"2025-07-11T16:48:54","modified_gmt":"2025-07-11T14:48:54","slug":"privacy-policy","status":"publish","type":"page","link":"https:\/\/bilinguo.es\/es\/privacy-policy\/","title":{"rendered":"Pol\u00edtica de privacidad"},"content":{"rendered":"<div data-elementor-type=\"wp-page\" data-elementor-id=\"3\" class=\"elementor elementor-3\" data-elementor-post-type=\"page\">\n\t\t\t\t<div class=\"elementor-element elementor-element-cad8436 e-flex e-con-boxed e-con e-parent\" data-id=\"cad8436\" data-element_type=\"container\" data-e-type=\"container\">\n\t\t\t\t\t<div class=\"e-con-inner\">\n\t\t\t\t\t<\/div>\n\t\t\t\t<\/div>\n\t\t<div class=\"elementor-element elementor-element-3e5d3a3 e-flex e-con-boxed e-con e-parent\" data-id=\"3e5d3a3\" data-element_type=\"container\" data-e-type=\"container\">\n\t\t\t\t\t<div class=\"e-con-inner\">\n\t\t\t\t<div class=\"elementor-element elementor-element-c3f5b0f elementor-widget elementor-widget-heading\" data-id=\"c3f5b0f\" data-element_type=\"widget\" data-e-type=\"widget\" data-widget_type=\"heading.default\">\n\t\t\t\t<div class=\"elementor-widget-container\">\n\t\t\t\t\t<h2 class=\"elementor-heading-title elementor-size-default\">Pol\u00edtica de privacidad<\/h2>\t\t\t\t<\/div>\n\t\t\t\t<\/div>\n\t\t\t\t<div class=\"elementor-element elementor-element-145b5ff elementor-widget elementor-widget-text-editor\" data-id=\"145b5ff\" data-element_type=\"widget\" data-e-type=\"widget\" data-widget_type=\"text-editor.default\">\n\t\t\t\t<div class=\"elementor-widget-container\">\n\t\t\t\t\t\t\t\t\t<div><div>En Biling\u00fco, entendemos que los m\u00e1ximos est\u00e1ndares de calidad que nos exigimos a nosotros mismos en todos los aspectos de nuestros productos y servicios deben aplicarse incuestionablemente tambi\u00e9n a la protecci\u00f3n de la privacidad de nuestros clientes.<\/div><div>Por ello, Biling\u00fco garantiza que su intenci\u00f3n no es solo cumplir estrictamente con los requisitos de toda la legislaci\u00f3n aplicable en relaci\u00f3n con el tratamiento de sus datos personales, incluido el Reglamento (UE) 2016\/679, de 27 de abril de 2016, del Parlamento Europeo y de la Comisi\u00f3n Europea, relativo a la protecci\u00f3n de las personas f\u00edsicas en lo que respecta al tratamiento de datos personales y a la libre circulaci\u00f3n de estos datos, que sustituy\u00f3 a la Directiva 95\/46\/CE (el Reglamento General de Protecci\u00f3n de Datos o RGPD), sino ir un paso m\u00e1s all\u00e1 garantizando y protegiendo su privacidad en la mayor medida posible.<\/div><div>En este documento encontrar\u00e1 toda la informaci\u00f3n que necesita para comprender c\u00f3mo gestionamos y garantizamos su privacidad.<\/div><div><strong>Alcance<\/strong><\/div><div>Adem\u00e1s de la informaci\u00f3n y los recursos disponibles en el sitio web, Biling\u00fco utiliza otros medios de comunicaci\u00f3n como un medio conveniente para mantenerse en contacto con usted y ofrecerle toda la informaci\u00f3n que solicite. Por ello, debes saber que esta Pol\u00edtica de Privacidad se extiende a otros medios de comunicaci\u00f3n adem\u00e1s de nuestra p\u00e1gina web, incluyendo redes sociales, boletines, correos electr\u00f3nicos, SMS, aplicaciones m\u00f3viles y otros m\u00e9todos existentes. Dado que vivimos en un mundo en constante cambio, le recomendamos que revise peri\u00f3dicamente esta Pol\u00edtica de Privacidad.<\/div><div><strong>Prop\u00f3sitos<\/strong><\/div><div>Dependiendo del tipo de relaci\u00f3n que decida mantener con nosotros, su informaci\u00f3n se utilizar\u00e1 para los siguientes fines:<\/div><div>\u00a0<\/div><div><em>1. Mejoras de nuestro servicio<\/em>s: con el objetivo de recibir tus comentarios, Biling\u00fco puede utilizar tu informaci\u00f3n para solicitar tus comentarios sobre tu experiencia con alguno de los servicios que contrataste con nosotros. Para proteger tu privacidad, los detalles espec\u00edficos que compartas con nosotros no ser\u00e1n enviados a los proveedores a menos que especifiques lo contrario.<\/div><div>Asimismo, podremos utilizar sus datos con fines anal\u00edticos para mejorar nuestros servicios y plataformas en l\u00ednea.<\/div><div>\u00a0<\/div><div>2. Marketing: adem\u00e1s de las actividades de marketing que se llevan a cabo mediante el uso de cookies, utilizamos su informaci\u00f3n para enviarle boletines personalizados seg\u00fan sus gustos, para mostrarle contenidos adaptados a sus intereses, incluida la publicidad segmentada (anuncios basados en sus preferencias e intereses, mostrados en sitios web de terceros), y para realizar estudios de mercado agregados con el fin de ofrecerle sistem\u00e1ticamente lo \u00faltimo en tendencias y viajes.<\/div><div>3. Estudios de mercado: en ocasiones, podemos invitarle a participar en alg\u00fan tipo de estudio de mercado. Por supuesto, no utilizaremos ninguna informaci\u00f3n que no pueda agregarse y despersonalizarse, a menos que usted d\u00e9 su consentimiento para dicho uso.<\/div><div>4. Detecci\u00f3n y prevenci\u00f3n del fraude: en la medida en que lo exijan la ley y la buena fe, podremos utilizar la informaci\u00f3n personal para detectar y prevenir actividades fraudulentas, ilegales o indeseables.<\/div><div>5. Contenido publicitario: cuando accede a un sitio web o aplicaci\u00f3n que contiene un espacio publicitario que muestra uno o varios de nuestros anuncios, es probable que el anuncio contenga una de nuestras cookies. Con su permiso previo, es probable que esta cookie se guarde en su dispositivo, permiti\u00e9ndonos reconocer su navegador durante el periodo en que la cookie en cuesti\u00f3n siga siendo v\u00e1lida. Integramos cookies en los anuncios que distribuimos a trav\u00e9s de terceros. Estas cookies est\u00e1n relacionadas con los par\u00e1metros de software del navegador que ha utilizado previamente para entrar o visitar la p\u00e1gina oficial de Biling\u00fco. Si los permisos y configuraciones de su navegador han autorizado el almacenamiento de cookies, dependiendo de la configuraci\u00f3n seleccionada, estas cookies nos permitir\u00e1n hacer lo siguiente:<\/div><div>a. Rastrear el n\u00famero de visitas y clics en la publicidad que distribuimos a trav\u00e9s de sitios web y aplicaciones de terceros.<\/div><div>b. Identificar este contenido en sitios web o aplicaciones.<\/div><div>c. Determinar el n\u00famero de usuarios que han hecho clic en cada contenido.<\/div><div>d. Calcular los importes adeudados a cada una de las partes que intervienen en la cadena de distribuci\u00f3n de la publicidad (por ejemplo, agencia de publicidad, departamento de marketing o sitio web) y establecer las estad\u00edsticas correspondientes.<\/div><div>e. Adaptar la presentaci\u00f3n de la p\u00e1gina web vinculada a uno de nuestros anuncios en funci\u00f3n de las preferencias que haya establecido en su dispositivo (idioma, resoluci\u00f3n de pantalla, sistema operativo, etc.) cuando visit\u00f3 nuestra p\u00e1gina web, en funci\u00f3n del hardware y las aplicaciones de visualizaci\u00f3n o lectura que utilice su dispositivo, y en funci\u00f3n de los datos de localizaci\u00f3n (longitud y latitud) transmitidos por su dispositivo con su consentimiento previo.<\/div><div>f. Rastrear la navegaci\u00f3n posterior realizada a trav\u00e9s de su dispositivo, incluidos otros sitios web, aplicaciones y contenidos publicitarios.<\/div><div>Lo anterior se entiende sin perjuicio de nuestro derecho a conservar sus datos personales, debidamente protegidos, durante un plazo de cinco (5) a\u00f1os para facilitar las acciones legales derivadas de responsabilidades de cualquier tipo, siempre que no hayan prescrito.<\/div><div><strong>Legitimaci\u00f3n<\/strong><\/div><div>Los fundamentos jur\u00eddicos m\u00e1s comunes para el tratamiento de sus datos son que usted haya dado su consentimiento (por ejemplo, cuando se suscribe a nuestro bolet\u00edn de noticias) o que dicho tratamiento sea necesario para proporcionarle un producto o servicio que haya contratado con nosotros.<\/div><div>Por ley, los distintos pa\u00edses implicados en su relaci\u00f3n con Biling\u00fco pueden exigir que sus datos sean tratados de una determinada manera (por ejemplo, en relaci\u00f3n con asuntos fiscales o cuestiones fronterizas).<\/div><div>No obstante lo anterior, podr\u00edan darse circunstancias excepcionales en las que los motivos legales para el tratamiento de sus datos sean leg\u00edtimos. Aunque no podamos renunciar a dicho tratamiento, le aseguramos que el uso de sus datos estar\u00e1 restringido y se llevar\u00e1 a cabo de conformidad con las mejores pr\u00e1cticas.<\/div><div>Debe tener en cuenta que su oposici\u00f3n a determinados tipos de tratamiento podr\u00eda tener como consecuencia la imposibilidad de utilizar algunos de los productos o servicios que haya contratado. Por ello, renunciamos a cualquier responsabilidad que pudiera derivarse de tales situaciones.<\/div><div><strong>Destinatarios<\/strong><\/div><div>Si ha contratado servicios de proveedores situados fuera del Espacio Econ\u00f3mico Europeo, su informaci\u00f3n podr\u00e1 ser transferida a los proveedores de servicios en funci\u00f3n de su consentimiento o seg\u00fan sea necesario para cumplir el contrato. Cuando sea necesario, su informaci\u00f3n tambi\u00e9n podr\u00e1 ser transferida a la administraci\u00f3n p\u00fablica de diferentes pa\u00edses para cumplir obligaciones legales.<\/div><div>Adem\u00e1s, como empresa internacional, debemos informarle de que sus datos podr\u00e1n ser enviados a colaboradores externos de Biling\u00fco encargados de gestionar determinados procesos (por ejemplo, reservas y pagos, env\u00edos, diversos tipos de actividades administrativas, etc.). En este sentido, le aseguramos que estos colaboradores est\u00e1n sujetos a contratos y cl\u00e1usulas de confidencialidad, de acuerdo con todos los requisitos legales aplicables.<\/div><div>Tambi\u00e9n debe tener en cuenta que estos proveedores de servicios pueden estar situados fuera del Espacio Econ\u00f3mico Europeo. Si desea obtener m\u00e1s informaci\u00f3n sobre las garant\u00edas que se han establecido en relaci\u00f3n con el tratamiento internacional de su informaci\u00f3n, puede ponerse en contacto con nosotros en info@tor.travel.<\/div><div>\u00a0<\/div><div><strong>Seguridad<\/strong><\/div><div>Al procesar diversos tipos de informaci\u00f3n, adem\u00e1s de cumplir plenamente los requisitos de la legislaci\u00f3n sobre protecci\u00f3n de datos, empleamos sistem\u00e1ticamente los \u00faltimos sistemas de seguridad, encriptaci\u00f3n y control de acceso para evitar el acceso no autorizado y el uso injustificado de la informaci\u00f3n personal. De este modo, nos aseguramos de que s\u00f3lo el personal autorizado tenga acceso a sus datos y \u00fanicamente para el cumplimiento de las funciones asignadas.<\/div><div><strong>Derechos<\/strong><\/div><div>Adem\u00e1s de revisar peri\u00f3dicamente esta Pol\u00edtica de Privacidad, como se le recomend\u00f3 anteriormente, puede ejercer su derecho a obtener y reutilizar, acceder, modificar, limitar, suprimir u optar por no participar en el tratamiento de su informaci\u00f3n, o ejercer su derecho a retirar su consentimiento, enviando una comunicaci\u00f3n escrita expresando sus deseos por correo electr\u00f3nico a info@bilinguo.es.<\/div><div>Puede darse de baja de los boletines de Biling\u00fco en cualquier momento haciendo clic en el enlace Cancelar suscripci\u00f3n que encontrar\u00e1 en la parte inferior de cada bolet\u00edn, d\u00e1ndose de baja directamente aqu\u00ed, indicando la direcci\u00f3n de correo electr\u00f3nico para darse de baja, o enviando su solicitud por correo electr\u00f3nico a info@tor.travel.<\/div><div>Le informamos de que el ejercicio de los derechos antes mencionados en relaci\u00f3n con sus datos personales se realizar\u00e1 dentro de los l\u00edmites impuestos por la ley en lo que respecta a los derechos y requisitos legales (fiscales, administrativos, etc.). La supresi\u00f3n de sus datos o la renuncia a su tratamiento no implican su eliminaci\u00f3n inmediata, sino que, de conformidad con la ley, suponen su archivo durante un tiempo limitado, con acceso restringido a las autoridades administrativas y judiciales.<\/div><div>En cualquier caso, le recordaremos las leyes relativas a esta Pol\u00edtica de Privacidad que le ayudar\u00e1n a presentar una reclamaci\u00f3n ante la Agencia de Protecci\u00f3n de Datos correspondiente.<\/div><div><strong>Origen y tipos de datos<\/strong><\/div><div>Cuando utiliza nuestro sitio web, podemos recibir, almacenar y procesar diversos tipos de datos relacionados con su ubicaci\u00f3n, incluida informaci\u00f3n general (por ejemplo, su direcci\u00f3n IP y c\u00f3digo postal).<\/div><div>Cierta informaci\u00f3n (como su direcci\u00f3n IP, la fecha y hora de acceso, el hardware y software que utiliza, las p\u00e1ginas de referencia y de salida, los h\u00e1bitos de navegaci\u00f3n por el sitio web, el n\u00famero de clics, las p\u00e1ginas visitadas, el orden de visita y el tiempo empleado) puede ser registrada autom\u00e1ticamente por nuestros servidores cada vez que accede o navega por nuestro sitio web.<\/div><div>Adem\u00e1s, debes saber que en Biling\u00fco utilizamos cookies para mejorar tu experiencia de navegaci\u00f3n y ofrecerte los productos y servicios que m\u00e1s se ajusten a tus deseos. En este sentido, debes saber que podemos recibir informaci\u00f3n sobre ti cuando utilizas determinados servicios de redes sociales.<\/div><div>Sin embargo, es posible que procesemos su informaci\u00f3n, siempre que est\u00e9 relacionada con su relaci\u00f3n con nosotros, a trav\u00e9s de terceros (por ejemplo, proveedores de servicios).<\/div><div>\u00a0<\/div><\/div><div><strong>Cookies utilizadas en nuestro sitio web<\/strong><\/div>\t\t\t\t\t\t\t\t<\/div>\n\t\t\t\t<\/div>\n\t\t\t\t<div class=\"elementor-element elementor-element-1cc3b38 elementor-widget elementor-widget-html\" data-id=\"1cc3b38\" data-element_type=\"widget\" data-e-type=\"widget\" data-widget_type=\"html.default\">\n\t\t\t\t<div class=\"elementor-widget-container\">\n\t\t\t\t\t<div class=\"cky-audit-table-element\">\u00a0<\/div>\n<p>&nbsp;<\/p>\n<p><span style=\"color: #0000ff;\"><a class=\"cky-banner-element\" style=\"color: #0000ff;\">Haga clic aqu\u00ed para cambiar su configuraci\u00f3n de cookies<\/a><\/span><\/p>\t\t\t\t<\/div>\n\t\t\t\t<\/div>\n\t\t\t\t<div class=\"elementor-element elementor-element-b4bd6bc elementor-widget elementor-widget-text-editor\" data-id=\"b4bd6bc\" data-element_type=\"widget\" data-e-type=\"widget\" data-widget_type=\"text-editor.default\">\n\t\t\t\t<div class=\"elementor-widget-container\">\n\t\t\t\t\t\t\t\t\t<div>\n<div>Actualizado el 27 de febrero de 2025<\/div>\n<br \/>\n<div>Viajes biling\u00fces<\/div>\n<div>C. Campillo, BLOQUE 1A - 11520 - Rota, C\u00e1diz, Espa\u00f1a | Tel\u00e9fono +34 651 38 92 51<\/div>\n<\/div>\t\t\t\t\t\t\t\t<\/div>\n\t\t\t\t<\/div>\n\t\t\t\t\t<\/div>\n\t\t\t\t<\/div>\n\t\t\t\t<\/div>","protected":false},"excerpt":{"rendered":"<p>Privacy Policy At Biling\u00fco, we understand that the maximum standards of quality we demand of ourselves in every aspect of our products and services must unquestionably be applied to the protection of our client&#8217;s privacy, as well.Therefore, Biling\u00fco warrants that its intention is not only to comply strictly with the requirements of all applicable legislation [&hellip;]<\/p>","protected":false},"author":1,"featured_media":0,"parent":0,"menu_order":0,"comment_status":"closed","ping_status":"open","template":"","meta":{"nf_dc_page":"","om_disable_all_campaigns":false,"footnotes":""},"class_list":["post-3","page","type-page","status-publish","hentry"],"jetpack_sharing_enabled":true,"_links":{"self":[{"href":"https:\/\/bilinguo.es\/es\/wp-json\/wp\/v2\/pages\/3","targetHints":{"allow":["GET"]}}],"collection":[{"href":"https:\/\/bilinguo.es\/es\/wp-json\/wp\/v2\/pages"}],"about":[{"href":"https:\/\/bilinguo.es\/es\/wp-json\/wp\/v2\/types\/page"}],"author":[{"embeddable":true,"href":"https:\/\/bilinguo.es\/es\/wp-json\/wp\/v2\/users\/1"}],"replies":[{"embeddable":true,"href":"https:\/\/bilinguo.es\/es\/wp-json\/wp\/v2\/comments?post=3"}],"version-history":[{"count":20,"href":"https:\/\/bilinguo.es\/es\/wp-json\/wp\/v2\/pages\/3\/revisions"}],"predecessor-version":[{"id":4241,"href":"https:\/\/bilinguo.es\/es\/wp-json\/wp\/v2\/pages\/3\/revisions\/4241"}],"wp:attachment":[{"href":"https:\/\/bilinguo.es\/es\/wp-json\/wp\/v2\/media?parent=3"}],"curies":[{"name":"wp","href":"https:\/\/api.w.org\/{rel}","templated":true}]}}